{"id":4078,"date":"2021-02-11T13:23:57","date_gmt":"2021-02-11T12:23:57","guid":{"rendered":"http:\/\/willabaltyk.com.pl\/?page_id=4078"},"modified":"2024-06-05T10:38:18","modified_gmt":"2024-06-05T08:38:18","slug":"vorschriften","status":"publish","type":"page","link":"https:\/\/willabaltyk.com.pl\/de\/vorschriften\/","title":{"rendered":"Vorschriften"},"content":{"rendered":"<p>[vc_row][vc_column][vc_column_text size=&#8221;0&#8243;]<\/p>\n<h1 style=\"text-align: center;\"><strong>Vorschriften<\/strong><\/h1>\n<ol>\n<li>Zimmer werden pro Zimmer vermietet. <strong>Der Hoteltag beginnt um 15:00 Uhr und endet am letzten Aufenthaltstag um 10:00 Uhr<\/strong>.<\/li>\n<li>Wenn die Zahlung f\u00fcr den Aufenthalt nicht im Voraus vollst\u00e4ndig beglichen wurde, wird diese am Anreisetag gem\u00e4\u00df dem von Ihnen festgelegten Buchungsdatum des Zimmers eingezogen. Bei einer fr\u00fcheren Abreise als zu dem von Ihnen gebuchten Datum \u00e4ndert sich der f\u00e4llige Betrag f\u00fcr den gesamten Aufenthalt nicht.<\/li>\n<li>Die G\u00e4ste werden gebeten, sofort nach der Ankunft einzuchecken. Zur Best\u00e4tigung der Identit\u00e4t muss der Gast ein Dokument mit Foto vorlegen (Ust. z 10.04.1974 o ewidencji ludno\u015bci i dowodach osobistych Dz.U. z 2001 nr 87 poz.960).<\/li>\n<li>Die Nachtruhe gilt von 22:00 bis 7:00 Uhr.<\/li>\n<li>Der Gast kann das Zimmer nicht an andere Personen \u00fcbertragen, auch wenn der Zeitraum, f\u00fcr den er die Aufenthaltsgeb\u00fchr bezahlt hat, noch nicht abgelaufen ist.<\/li>\n<li>Das Personal kann die weitere Erbringung von Dienstleistungen gegen\u00fcber Personen verweigern, die w\u00e4hrend des Aufenthalts gegen die Ordnung und die Ordnungsvorschriften versto\u00dfen, sowie die sofortige Abreise aus der Pension ohne R\u00fcckerstattung des f\u00fcr den Aufenthalt gezahlten Entgelts verlangen..<\/li>\n<li>Bei einem nicht realisierten Aufenthalt verf\u00e4llt die Vorauszahlung oder der gesamte Betrag an die Pension Willa Ba\u0142tykk.<\/li>\n<li>Die Pension Willa Ba\u0142tyk beh\u00e4lt sich das Recht vor, das gebuchte Zimmer bei Bedarf in ein anderes zu \u00e4ndern.<\/li>\n<li>Der Eigent\u00fcmer der Einrichtung haftet nicht f\u00fcr Wertsachen und Geld, die in den Zimmern zur\u00fcckgelassen werden, sowie f\u00fcr den Verlust oder die Besch\u00e4digung des Autos oder anderen Fahrzeugs des Gastes..<\/li>\n<li>F\u00fcr durch sein Verschulden verursachte Besch\u00e4digung oder Zerst\u00f6rung von Ger\u00e4ten und technischen Ger\u00e4ten haftet der Gast finanziell. F\u00fcr Sch\u00e4den, die durch Kinder und Tiere verursacht werden, haften die Eltern \/ Erziehungsberechtigten.<\/li>\n<li>Vom abreisenden Gast im Zimmer zur\u00fcckgelassene pers\u00f6nliche Gegenst\u00e4nde werden auf Kosten des Gastes an die angegebene Adresse geschickt. Wenn Sie eine solche Anweisung nicht erhalten, werden die Artikel f\u00fcr die Dauer von 1 Monat aufbewahrt und anschlie\u00dfend vernichtet.<\/li>\n<li>Wir geben Dritten keine Auskunft \u00fcber die personenbezogenen Daten unserer G\u00e4ste.<\/li>\n<li>Das Mitbringen von Fahrr\u00e4dern etc. auf die Zimmer ist verboten. Bewahren Sie sie an einem daf\u00fcr vorgesehenen Ort auf.<\/li>\n<li>Sobald Sie den Schl\u00fcssel f\u00fcr das Zimmer erhalten, werden Sie sein Gastgeber.<\/li>\n<li>Auf Wunsch kann das Zimmer t\u00e4glich gereinigt werden und bei Aufenthalten \u00fcber 5 Tage wird jeden 3. Tag die Bettw\u00e4sche durch eine neue ersetzt, hierzu ist es notwendig, diesen Service mit dem Personal abzustimmen. Der Dienst ist kostenlos.<\/li>\n<li>Nach Beendigung des Aufenthalts ist der Gast verpflichtet, die erhaltenen Schl\u00fcssel an der Rezeption abzugeben oder dem Mitarbeiter des G\u00e4stehauses zu \u00fcbergeben. Der Mitarbeiter des G\u00e4stehauses hat das Recht, den Zustand des Zimmers neben dem Gast zu \u00fcberpr\u00fcfen und ihm eine Geldstrafe f\u00fcr Sch\u00e4den am Zimmer in Rechnung zu stellen.<\/li>\n<li><strong>Der Verlust des Schl\u00fcssels unterliegt einer Geldstrafe von 100 PLN<\/strong>.<\/li>\n<li>Die Preisliste ist Bestandteil des Reglements und mit der Reservierung erkl\u00e4ren Sie sich mit dem Reglement einverstanden.<\/li>\n<li>Bitte melden Sie Kommentare oder Auslassungen an der Rezeption.<\/li>\n<\/ol>\n<p>[\/vc_column_text][\/vc_column][\/vc_row]<\/p>\n","protected":false},"excerpt":{"rendered":"<p>[vc_row][vc_column][vc_column_text size=&#8221;0&#8243;] Vorschriften Zimmer werden pro Zimmer vermietet. Der Hoteltag beginnt um 15:00 Uhr und endet am letzten Aufenthaltstag um 10:00 Uhr. Wenn die Zahlung f\u00fcr den Aufenthalt nicht im Voraus vollst\u00e4ndig beglichen wurde, wird diese am Anreisetag gem\u00e4\u00df dem von Ihnen festgelegten Buchungsdatum des Zimmers eingezogen. Bei einer fr\u00fcheren Abreise als zu dem von &hellip;<\/p>\n","protected":false},"author":1,"featured_media":0,"parent":0,"menu_order":0,"comment_status":"closed","ping_status":"closed","template":"","meta":{"footnotes":""},"class_list":["post-4078","page","type-page","status-publish","hentry"],"_links":{"self":[{"href":"https:\/\/willabaltyk.com.pl\/de\/wp-json\/wp\/v2\/pages\/4078","targetHints":{"allow":["GET"]}}],"collection":[{"href":"https:\/\/willabaltyk.com.pl\/de\/wp-json\/wp\/v2\/pages"}],"about":[{"href":"https:\/\/willabaltyk.com.pl\/de\/wp-json\/wp\/v2\/types\/page"}],"author":[{"embeddable":true,"href":"https:\/\/willabaltyk.com.pl\/de\/wp-json\/wp\/v2\/users\/1"}],"replies":[{"embeddable":true,"href":"https:\/\/willabaltyk.com.pl\/de\/wp-json\/wp\/v2\/comments?post=4078"}],"version-history":[{"count":6,"href":"https:\/\/willabaltyk.com.pl\/de\/wp-json\/wp\/v2\/pages\/4078\/revisions"}],"predecessor-version":[{"id":4254,"href":"https:\/\/willabaltyk.com.pl\/de\/wp-json\/wp\/v2\/pages\/4078\/revisions\/4254"}],"wp:attachment":[{"href":"https:\/\/willabaltyk.com.pl\/de\/wp-json\/wp\/v2\/media?parent=4078"}],"curies":[{"name":"wp","href":"https:\/\/api.w.org\/{rel}","templated":true}]}}